{"id":8079,"date":"2024-09-09T18:00:29","date_gmt":"2024-09-09T18:00:29","guid":{"rendered":"https:\/\/www.darlallafdila.com\/restauration\/"},"modified":"2024-12-31T19:27:51","modified_gmt":"2024-12-31T19:27:51","slug":"restauration","status":"publish","type":"page","link":"https:\/\/www.darlallafdila.com\/fr\/restauration\/","title":{"rendered":"Restauration"},"content":{"rendered":"\t\t<div data-elementor-type=\"wp-page\" data-elementor-id=\"8079\" class=\"elementor elementor-8079 elementor-7281\">\n\t\t\t\t\t\t<section class=\"elementor-section elementor-top-section elementor-element elementor-element-71ed880 elementor-section-stretched elementor-section-content-middle elementor-section-boxed elementor-section-height-default elementor-section-height-default\" data-id=\"71ed880\" data-element_type=\"section\" data-e-type=\"section\" data-settings=\"{&quot;stretch_section&quot;:&quot;section-stretched&quot;,&quot;background_background&quot;:&quot;classic&quot;}\">\n\t\t\t\t\t\t\t<div class=\"elementor-background-overlay\"><\/div>\n\t\t\t\t\t\t\t<div class=\"elementor-container elementor-column-gap-default\">\n\t\t\t\t\t<div class=\"elementor-column elementor-col-100 elementor-top-column elementor-element elementor-element-b85442b\" data-id=\"b85442b\" data-element_type=\"column\" data-e-type=\"column\">\n\t\t\t<div class=\"elementor-widget-wrap elementor-element-populated\">\n\t\t\t\t\t\t<div class=\"elementor-element elementor-element-9f2d78a elementor-widget elementor-widget-heading\" data-id=\"9f2d78a\" data-element_type=\"widget\" data-e-type=\"widget\" data-widget_type=\"heading.default\">\n\t\t\t\t<div class=\"elementor-widget-container\">\n\t\t\t\t\t<h1 class=\"elementor-heading-title elementor-size-default\">Restaurant Dar Lalla Fdila  <\/h1>\t\t\t\t<\/div>\n\t\t\t\t<\/div>\n\t\t\t\t<div class=\"elementor-element elementor-element-2b0c007 elementor-widget elementor-widget-text-editor\" data-id=\"2b0c007\" data-element_type=\"widget\" data-e-type=\"widget\" data-widget_type=\"text-editor.default\">\n\t\t\t\t<div class=\"elementor-widget-container\">\n\t\t\t\t\t\t\t\t\t<section id=\"breadcrumb-section\" data-bg-img=\"\/assets\/img\/dinning.jpg\">\n<div class=\"inner-container container\">\n<div class=\"ravis-title\">\n<div class=\"inner-box\">\n<div class=\"sub-title\">Bienvenue dans notre restaurant de luxe<\/div>\n<\/div>\n<\/div>\n<\/div>\n<\/section>\n<section id=\"welcome-section\" class=\"has-user\">\n<div class=\"inner-container container\">\n<div class=\"l-sec col-md-7\"> <\/div>\n<\/div>\n<\/section>\n\t\t\t\t\t\t\t\t<\/div>\n\t\t\t\t<\/div>\n\t\t\t\t\t<\/div>\n\t\t<\/div>\n\t\t\t\t\t<\/div>\n\t\t<\/section>\n\t\t\t\t<section class=\"elementor-section elementor-top-section elementor-element elementor-element-7075563 elementor-section-stretched elementor-section-boxed elementor-section-height-default elementor-section-height-default\" data-id=\"7075563\" data-element_type=\"section\" data-e-type=\"section\" data-settings=\"{&quot;stretch_section&quot;:&quot;section-stretched&quot;,&quot;background_background&quot;:&quot;gradient&quot;}\">\n\t\t\t\t\t\t\t<div class=\"elementor-background-overlay\"><\/div>\n\t\t\t\t\t\t\t<div class=\"elementor-container elementor-column-gap-default\">\n\t\t\t\t\t<div class=\"elementor-column elementor-col-50 elementor-top-column elementor-element elementor-element-5b1cfe5\" data-id=\"5b1cfe5\" data-element_type=\"column\" data-e-type=\"column\">\n\t\t\t<div class=\"elementor-widget-wrap elementor-element-populated\">\n\t\t\t\t\t\t<div class=\"elementor-element elementor-element-8337d55 elementor-widget elementor-widget-heading\" data-id=\"8337d55\" data-element_type=\"widget\" data-e-type=\"widget\" data-widget_type=\"heading.default\">\n\t\t\t\t<div class=\"elementor-widget-container\">\n\t\t\t\t\t<h2 class=\"elementor-heading-title elementor-size-default\">Les ar\u00f4mes d'\u00e9pices exotiques provenant de la cuisine du Riad Dar lalla F'dila vous mettront en app\u00e9tit pour savourer d'authentiques plats marocains, dont le personnel est fier \u00e0 juste titre.<\/h2>\t\t\t\t<\/div>\n\t\t\t\t<\/div>\n\t\t\t\t<div class=\"elementor-element elementor-element-4dcc3ef elementor-widget elementor-widget-heading\" data-id=\"4dcc3ef\" data-element_type=\"widget\" data-e-type=\"widget\" data-widget_type=\"heading.default\">\n\t\t\t\t<div class=\"elementor-widget-container\">\n\t\t\t\t\t<h2 class=\"elementor-heading-title elementor-size-default\">Petite faim<\/h2>\t\t\t\t<\/div>\n\t\t\t\t<\/div>\n\t\t\t\t<div class=\"elementor-element elementor-element-548c8a4 elementor-widget elementor-widget-text-editor\" data-id=\"548c8a4\" data-element_type=\"widget\" data-e-type=\"widget\" data-widget_type=\"text-editor.default\">\n\t\t\t\t<div class=\"elementor-widget-container\">\n\t\t\t\t\t\t\t\t\t<p><span style=\"color: #000000;\">Mc Marhaba \u2013 15\u20ac (165MAD) (Hamburger maison +boisson + salade de fruits)<\/span><br \/><span style=\"color: #000000;\">V\u00e9g\u00e9tarien 10 \u20ac (110 MAD)<\/span><\/p>\t\t\t\t\t\t\t\t<\/div>\n\t\t\t\t<\/div>\n\t\t\t\t\t<\/div>\n\t\t<\/div>\n\t\t\t\t<div class=\"elementor-column elementor-col-50 elementor-top-column elementor-element elementor-element-30cde92\" data-id=\"30cde92\" data-element_type=\"column\" data-e-type=\"column\">\n\t\t\t<div class=\"elementor-widget-wrap elementor-element-populated\">\n\t\t\t\t\t\t<div class=\"elementor-element elementor-element-37d5661 elementor-widget elementor-widget-image\" data-id=\"37d5661\" data-element_type=\"widget\" data-e-type=\"widget\" data-widget_type=\"image.default\">\n\t\t\t\t<div class=\"elementor-widget-container\">\n\t\t\t\t\t\t\t\t\t\t\t\t\t\t\t<img fetchpriority=\"high\" decoding=\"async\" width=\"1024\" height=\"683\" src=\"https:\/\/www.darlallafdila.com\/wp-content\/uploads\/2024\/09\/86067327.jpg\" class=\"attachment-large size-large wp-image-7926\" alt=\"\" srcset=\"https:\/\/www.darlallafdila.com\/wp-content\/uploads\/2024\/09\/86067327.jpg 1024w, https:\/\/www.darlallafdila.com\/wp-content\/uploads\/2024\/09\/86067327-300x200.jpg 300w, https:\/\/www.darlallafdila.com\/wp-content\/uploads\/2024\/09\/86067327-768x512.jpg 768w, https:\/\/www.darlallafdila.com\/wp-content\/uploads\/2024\/09\/86067327-600x400.jpg 600w\" sizes=\"(max-width: 1024px) 100vw, 1024px\" \/>\t\t\t\t\t\t\t\t\t\t\t\t\t\t\t<\/div>\n\t\t\t\t<\/div>\n\t\t\t\t\t<\/div>\n\t\t<\/div>\n\t\t\t\t\t<\/div>\n\t\t<\/section>\n\t\t\t\t<section class=\"elementor-section elementor-top-section elementor-element elementor-element-51a136b elementor-section-stretched elementor-section-boxed elementor-section-height-default elementor-section-height-default\" data-id=\"51a136b\" data-element_type=\"section\" data-e-type=\"section\" data-settings=\"{&quot;stretch_section&quot;:&quot;section-stretched&quot;,&quot;background_background&quot;:&quot;gradient&quot;}\">\n\t\t\t\t\t\t\t<div class=\"elementor-background-overlay\"><\/div>\n\t\t\t\t\t\t\t<div class=\"elementor-container elementor-column-gap-default\">\n\t\t\t\t\t<div class=\"elementor-column elementor-col-50 elementor-top-column elementor-element elementor-element-c2a43f9\" data-id=\"c2a43f9\" data-element_type=\"column\" data-e-type=\"column\">\n\t\t\t<div class=\"elementor-widget-wrap elementor-element-populated\">\n\t\t\t\t\t\t<div class=\"elementor-element elementor-element-3f17cd8 elementor-widget elementor-widget-heading\" data-id=\"3f17cd8\" data-element_type=\"widget\" data-e-type=\"widget\" data-widget_type=\"heading.default\">\n\t\t\t\t<div class=\"elementor-widget-container\">\n\t\t\t\t\t<h2 class=\"elementor-heading-title elementor-size-default\">Menu traditionnel 20 euro <\/h2>\t\t\t\t<\/div>\n\t\t\t\t<\/div>\n\t\t\t\t<div class=\"elementor-element elementor-element-2dcefde elementor-widget elementor-widget-text-editor\" data-id=\"2dcefde\" data-element_type=\"widget\" data-e-type=\"widget\" data-widget_type=\"text-editor.default\">\n\t\t\t\t<div class=\"elementor-widget-container\">\n\t\t\t\t\t\t\t\t\t<p><b>Entr\u00e9es<\/b><br \/>Assortiment de salades<br \/>Harira marrakechia<br \/>Assortiment brouiates<\/p>\n<p><b>Plat Principal<\/b><br \/>Tagines<br \/>Poulet au citron<br \/>Agneau aux fruits secs<br \/>Agneau aux coings (selon saison)<br \/>Agneau aux petits pois (selon saison)<br \/>Kefta aux \u0153ufs<br \/>Couscous<br \/>Berb\u00e8re (v\u00e9g\u00e9tarien)<br \/>Poulet<\/p>\n<p><b>Desserts <\/b>Salade de fruits<br \/>Mousse de fruits et chantilly<\/p>\n\t\t\t\t\t\t\t\t<\/div>\n\t\t\t\t<\/div>\n\t\t\t\t\t<\/div>\n\t\t<\/div>\n\t\t\t\t<div class=\"elementor-column elementor-col-50 elementor-top-column elementor-element elementor-element-0551739\" data-id=\"0551739\" data-element_type=\"column\" data-e-type=\"column\">\n\t\t\t<div class=\"elementor-widget-wrap elementor-element-populated\">\n\t\t\t\t\t\t<div class=\"elementor-element elementor-element-10b11b3 elementor-widget elementor-widget-heading\" data-id=\"10b11b3\" data-element_type=\"widget\" data-e-type=\"widget\" data-widget_type=\"heading.default\">\n\t\t\t\t<div class=\"elementor-widget-container\">\n\t\t\t\t\t<h2 class=\"elementor-heading-title elementor-size-default\">Menu Lalla F'dila <\/h2>\t\t\t\t<\/div>\n\t\t\t\t<\/div>\n\t\t\t\t<div class=\"elementor-element elementor-element-d8dcb90 elementor-widget elementor-widget-text-editor\" data-id=\"d8dcb90\" data-element_type=\"widget\" data-e-type=\"widget\" data-widget_type=\"text-editor.default\">\n\t\t\t\t<div class=\"elementor-widget-container\">\n\t\t\t\t\t\t\t\t\t<p>30 \u20ac \/p (sur commande) avant votre arriv\u00e9e sur la base de 2 personnes<\/p>\n<p><b>Entr\u00e9es<\/b><br \/>Pastilla fassia<br \/>Ronde de salades (5) fraiches et chaudes<br \/>Velout\u00e9 de crevettes d\u2019Essaouira<br \/>Cr\u00eape \u00e0 la truite fum\u00e9e de l\u2019atlas et sa chantilly aux herbes<\/p>\n<p><b>Plat Principal<\/b><br \/>Tagines<br \/>Mechoui d\u2019agneau<br \/>Tangia Marrakechia de b\u0153uf<br \/>Couscous royal<\/p>\n<p><b>Desserts<\/b><br \/>Pastilla cr\u00e8me \u00e0 la fleur d\u2019oranger<br \/>Bananes caram\u00e9lis\u00e9es aux amandes grill\u00e9es<br \/>Moelleux ou chocolat<br \/>D\u00e9lice de vanille et son cr\u00e8me de lait chaud<br \/>Caf\u00e9 ou th\u00e9 \u00e0 la menthe<\/p>\n\t\t\t\t\t\t\t\t<\/div>\n\t\t\t\t<\/div>\n\t\t\t\t\t<\/div>\n\t\t<\/div>\n\t\t\t\t\t<\/div>\n\t\t<\/section>\n\t\t\t\t<\/div>\n\t\t","protected":false},"excerpt":{"rendered":"<p>Restaurant Dar Lalla Fdila Bienvenue dans notre restaurant de luxe Les ar\u00f4mes d&rsquo;\u00e9pices exotiques provenant de la cuisine du Riad Dar lalla F&rsquo;dila vous mettront en app\u00e9tit pour savourer d&rsquo;authentiques plats marocains, dont le personnel est fier \u00e0 juste titre. Petite faim Mc Marhaba \u2013 15\u20ac (165MAD) (Hamburger maison +boisson + salade de fruits)V\u00e9g\u00e9tarien 10 [&hellip;]<\/p>\n","protected":false},"author":1,"featured_media":8853,"parent":0,"menu_order":0,"comment_status":"closed","ping_status":"closed","template":"","meta":{"footnotes":""},"class_list":["post-8079","page","type-page","status-publish","has-post-thumbnail","hentry"],"_links":{"self":[{"href":"https:\/\/www.darlallafdila.com\/fr\/wp-json\/wp\/v2\/pages\/8079","targetHints":{"allow":["GET"]}}],"collection":[{"href":"https:\/\/www.darlallafdila.com\/fr\/wp-json\/wp\/v2\/pages"}],"about":[{"href":"https:\/\/www.darlallafdila.com\/fr\/wp-json\/wp\/v2\/types\/page"}],"author":[{"embeddable":true,"href":"https:\/\/www.darlallafdila.com\/fr\/wp-json\/wp\/v2\/users\/1"}],"replies":[{"embeddable":true,"href":"https:\/\/www.darlallafdila.com\/fr\/wp-json\/wp\/v2\/comments?post=8079"}],"version-history":[{"count":7,"href":"https:\/\/www.darlallafdila.com\/fr\/wp-json\/wp\/v2\/pages\/8079\/revisions"}],"predecessor-version":[{"id":8696,"href":"https:\/\/www.darlallafdila.com\/fr\/wp-json\/wp\/v2\/pages\/8079\/revisions\/8696"}],"wp:featuredmedia":[{"embeddable":true,"href":"https:\/\/www.darlallafdila.com\/fr\/wp-json\/wp\/v2\/media\/8853"}],"wp:attachment":[{"href":"https:\/\/www.darlallafdila.com\/fr\/wp-json\/wp\/v2\/media?parent=8079"}],"curies":[{"name":"wp","href":"https:\/\/api.w.org\/{rel}","templated":true}]}}