{"id":8082,"date":"2024-09-11T14:27:56","date_gmt":"2024-09-11T14:27:56","guid":{"rendered":"https:\/\/www.darlallafdila.com\/terrasse-piscine\/"},"modified":"2024-12-26T13:08:16","modified_gmt":"2024-12-26T13:08:16","slug":"terrasse-piscine","status":"publish","type":"page","link":"https:\/\/www.darlallafdila.com\/fr\/terrasse-piscine\/","title":{"rendered":"Terrasse \/ piscine"},"content":{"rendered":"\t\t<div data-elementor-type=\"wp-page\" data-elementor-id=\"8082\" class=\"elementor elementor-8082 elementor-7410\">\n\t\t\t\t\t\t<section class=\"elementor-section elementor-top-section elementor-element elementor-element-31906b9 elementor-section-content-middle elementor-section-stretched elementor-section-boxed elementor-section-height-default elementor-section-height-default\" data-id=\"31906b9\" data-element_type=\"section\" data-e-type=\"section\" data-settings=\"{&quot;stretch_section&quot;:&quot;section-stretched&quot;,&quot;background_background&quot;:&quot;classic&quot;}\">\n\t\t\t\t\t\t\t<div class=\"elementor-background-overlay\"><\/div>\n\t\t\t\t\t\t\t<div class=\"elementor-container elementor-column-gap-default\">\n\t\t\t\t\t<div class=\"elementor-column elementor-col-100 elementor-top-column elementor-element elementor-element-29d6d34\" data-id=\"29d6d34\" data-element_type=\"column\" data-e-type=\"column\" data-settings=\"{&quot;background_background&quot;:&quot;classic&quot;}\">\n\t\t\t<div class=\"elementor-widget-wrap elementor-element-populated\">\n\t\t\t\t\t\t<section class=\"elementor-section elementor-inner-section elementor-element elementor-element-24087a7 elementor-section-full_width elementor-section-content-middle elementor-section-height-default elementor-section-height-default\" data-id=\"24087a7\" data-element_type=\"section\" data-e-type=\"section\">\n\t\t\t\t\t\t<div class=\"elementor-container elementor-column-gap-default\">\n\t\t\t\t\t<div class=\"elementor-column elementor-col-50 elementor-inner-column elementor-element elementor-element-edfa0fc\" data-id=\"edfa0fc\" data-element_type=\"column\" data-e-type=\"column\">\n\t\t\t<div class=\"elementor-widget-wrap elementor-element-populated\">\n\t\t\t\t\t\t<div class=\"elementor-element elementor-element-92f9e0b elementor-widget elementor-widget-heading\" data-id=\"92f9e0b\" data-element_type=\"widget\" data-e-type=\"widget\" data-widget_type=\"heading.default\">\n\t\t\t\t<div class=\"elementor-widget-container\">\n\t\t\t\t\t<h1 class=\"elementor-heading-title elementor-size-default\">Terrasse \/ piscine <\/h1>\t\t\t\t<\/div>\n\t\t\t\t<\/div>\n\t\t\t\t<div class=\"elementor-element elementor-element-97c049d elementor-widget elementor-widget-heading\" data-id=\"97c049d\" data-element_type=\"widget\" data-e-type=\"widget\" data-widget_type=\"heading.default\">\n\t\t\t\t<div class=\"elementor-widget-container\">\n\t\t\t\t\t<p class=\"elementor-heading-title elementor-size-default\">Une vue \u00e0 360 degr\u00e9s de la m\u00e9dina et les montagnes de l'Atlas. <\/p>\t\t\t\t<\/div>\n\t\t\t\t<\/div>\n\t\t\t\t<div class=\"elementor-element elementor-element-c6c3bd8 elementor-widget elementor-widget-text-editor\" data-id=\"c6c3bd8\" data-element_type=\"widget\" data-e-type=\"widget\" data-widget_type=\"text-editor.default\">\n\t\t\t\t<div class=\"elementor-widget-container\">\n\t\t\t\t\t\t\t\t\t<p><span style=\"color: #ffffff;\">Derri\u00e8re, les monuments embl\u00e9matiques de Marrakech, la Medersa Ben Youssef et son \u00e9tonnante mosqu\u00e9e, le Mus\u00e9e de Marrakech pr\u00e8s du riad, la koutoubia avec son minaret plus loin quoi de plus agr\u00e9able que de siroter son jus de limonade ou smoothie \u00e0 l&rsquo;ombre de la pergola ou allong\u00e9 dans le bassin d&rsquo;eau douce face \u00e0 ce panorama unique qui s&rsquo;offre \u00e0 vous.<\/span><\/p>\n\t\t\t\t\t\t\t\t<\/div>\n\t\t\t\t<\/div>\n\t\t\t\t\t<\/div>\n\t\t<\/div>\n\t\t\t\t<div class=\"elementor-column elementor-col-50 elementor-inner-column elementor-element elementor-element-923d5d8\" data-id=\"923d5d8\" data-element_type=\"column\" data-e-type=\"column\">\n\t\t\t<div class=\"elementor-widget-wrap\">\n\t\t\t\t\t\t\t<\/div>\n\t\t<\/div>\n\t\t\t\t\t<\/div>\n\t\t<\/section>\n\t\t\t\t\t<\/div>\n\t\t<\/div>\n\t\t\t\t\t<\/div>\n\t\t<\/section>\n\t\t\t\t<\/div>\n\t\t","protected":false},"excerpt":{"rendered":"<p>Terrasse \/ piscine Une vue \u00e0 360 degr\u00e9s de la m\u00e9dina et les montagnes de l&rsquo;Atlas. Derri\u00e8re, les monuments embl\u00e9matiques de Marrakech, la Medersa Ben Youssef et son \u00e9tonnante mosqu\u00e9e, le Mus\u00e9e de Marrakech pr\u00e8s du riad, la koutoubia avec son minaret plus loin quoi de plus agr\u00e9able que de siroter son jus de limonade [&hellip;]<\/p>\n","protected":false},"author":1,"featured_media":8853,"parent":0,"menu_order":0,"comment_status":"closed","ping_status":"closed","template":"","meta":{"footnotes":""},"class_list":["post-8082","page","type-page","status-publish","has-post-thumbnail","hentry"],"_links":{"self":[{"href":"https:\/\/www.darlallafdila.com\/fr\/wp-json\/wp\/v2\/pages\/8082","targetHints":{"allow":["GET"]}}],"collection":[{"href":"https:\/\/www.darlallafdila.com\/fr\/wp-json\/wp\/v2\/pages"}],"about":[{"href":"https:\/\/www.darlallafdila.com\/fr\/wp-json\/wp\/v2\/types\/page"}],"author":[{"embeddable":true,"href":"https:\/\/www.darlallafdila.com\/fr\/wp-json\/wp\/v2\/users\/1"}],"replies":[{"embeddable":true,"href":"https:\/\/www.darlallafdila.com\/fr\/wp-json\/wp\/v2\/comments?post=8082"}],"version-history":[{"count":4,"href":"https:\/\/www.darlallafdila.com\/fr\/wp-json\/wp\/v2\/pages\/8082\/revisions"}],"predecessor-version":[{"id":8425,"href":"https:\/\/www.darlallafdila.com\/fr\/wp-json\/wp\/v2\/pages\/8082\/revisions\/8425"}],"wp:featuredmedia":[{"embeddable":true,"href":"https:\/\/www.darlallafdila.com\/fr\/wp-json\/wp\/v2\/media\/8853"}],"wp:attachment":[{"href":"https:\/\/www.darlallafdila.com\/fr\/wp-json\/wp\/v2\/media?parent=8082"}],"curies":[{"name":"wp","href":"https:\/\/api.w.org\/{rel}","templated":true}]}}